{"id":43,"date":"2026-02-25T23:34:05","date_gmt":"2026-02-25T20:34:05","guid":{"rendered":"http:\/\/localhost\/endoskopi\/?page_id=43"},"modified":"2026-02-25T23:34:05","modified_gmt":"2026-02-25T20:34:05","slug":"hakkimizda","status":"publish","type":"page","link":"https:\/\/hasansayar.com\/endoskopi\/hakkimizda\/","title":{"rendered":"Hakk\u0131m\u0131zda"},"content":{"rendered":"\n<p><strong>GELECE\u011eE. G\u00dcVENLE. B\u0130RL\u0130KTE.<\/strong><\/p>\n\n\n<div class=\"wp-block-image\">\n<figure class=\"alignright size-full\"><img loading=\"lazy\" decoding=\"async\" width=\"490\" height=\"350\" src=\"https:\/\/hasansayar.com\/endoskopi\/wp-content\/uploads\/2026\/02\/hakkimizda-sag.png\" alt=\"\" class=\"wp-image-44\" srcset=\"https:\/\/hasansayar.com\/endoskopi\/wp-content\/uploads\/2026\/02\/hakkimizda-sag.png 490w, https:\/\/hasansayar.com\/endoskopi\/wp-content\/uploads\/2026\/02\/hakkimizda-sag-300x214.png 300w, https:\/\/hasansayar.com\/endoskopi\/wp-content\/uploads\/2026\/02\/hakkimizda-sag-278x200.png 278w\" sizes=\"auto, (max-width: 490px) 100vw, 490px\" \/><\/figure>\n<\/div>\n\n\n<p>2002 y\u0131l\u0131nda hayata ge\u00e7en Endoskopi Medikal Ticaret, sa\u011fl\u0131k hizmetlerinde gelece\u011fin bir par\u00e7as\u0131n\u0131n da minimal invaziv ve endoskopik (kapal\u0131) ameliyatlar ile ilintili giri\u015fimsel kliniklerde oldu\u011funun bilinci ile d\u00fcnyan\u0131n bu konulardaki en iyi markalar\u0131yla \u00e7al\u0131\u015fmaktad\u0131r.<\/p>\n\n\n\n<p>Y\u00fczy\u0131l\u0131 a\u015fk\u0131n ge\u00e7mi\u015fiyle (1906\u2019dan beri) ve endoskopik te\u015fhis ve tedavide neslinin ilk cihazlar\u0131n\u0131 \u00fcreterek devrim yaratan, geni\u015f cerrahi \u00fcr\u00fcn ve sistem \u00e7\u00f6z\u00fcmleri sunan k\u00f6kl\u00fc Alman markas\u0131 Richard Wolf (R.Wolf) , firmam\u0131z i\u015fbirli\u011fiyle T\u00fcrkiye\u2019deki sa\u011fl\u0131k hizmeti sunucular\u0131yla bulu\u015fmu\u015f, \u00fcniversite hastaneleri, kamu hastaneleri ve \u00f6zel hastanelerde kalitesiyle ve daha \u00f6nemlisi dayan\u0131kl\u0131l\u0131\u011f\u0131 ile yer alm\u0131\u015ft\u0131r.<\/p>\n\n\n\n<p>Endoskopi Medikal Ticaret \u015firketimiz, ba\u015flang\u0131c\u0131ndan beri b\u00fcnyesinde bulunan R.Wolf marka (Richard Wolf GmbH, Germany) \u00dcroloji, Beyin ve Sinir Cerrahisi, Genel Cerrahi, Ortopedi ve Jinekolojik Cerrahi Endoskopi \u00fcr\u00fcnleri ve Beyin ve Sinir Cerrahisi ekipmanlar\u0131n\u0131 sa\u011fl\u0131k sekt\u00f6r\u00fcyle bulu\u015fturarak faaliyetlerini kesintisiz s\u00fcrd\u00fcrmektedir.<\/p>\n\n\n\n<p>Biyomedikal m\u00fchendisli\u011fi ge\u00e7mi\u015fimiz ve 30 y\u0131l\u0131 a\u015fk\u0131n sekt\u00f6r deneyimimizle, endoskopi cihaz ve \u00fcr\u00fcnlerde gelece\u011fin ihtiyac\u0131n\u0131 tespit ederek yenilik\u00e7i \u00e7\u00f6z\u00fcmleri ve markalar\u0131 ke\u015ffediyor, \u00fclkemizdeki sa\u011fl\u0131k payda\u015flar\u0131 i\u00e7in b\u00fct\u00fcnsel ve hesapl\u0131 \u00e7\u00f6z\u00fcmler sunuyoruz.<\/p>\n\n\n\n<p>\u0130stanbul, Ankara, \u0130zmir, Adana, Antalya, Bursa, Samsun ve Diyarbak\u0131r kal\u0131c\u0131 ofislerimizde ve \u015eehir Hastaneleri bazl\u0131 kurulan ge\u00e7ici ofislerimizde g\u00f6rev yapan t\u00fcm ekibimizle T\u00fcrkiye\u2019nin d\u00f6rt bir yan\u0131na h\u0131zl\u0131ca ula\u015fabilmekteyiz. S\u00fcrekli teorik ve pratik e\u011fitimlerle bilgisini artt\u0131rd\u0131\u011f\u0131m\u0131z tam donan\u0131ml\u0131 sat\u0131\u015f, pazarlama ve yetkili teknik servis ekibiyle her ge\u00e7en g\u00fcn g\u00fcc\u00fcne g\u00fc\u00e7 katarak b\u00fcy\u00fcyen Endoskopi Medikal Ticaret, &#8220;gelece\u011fe, g\u00fcvenle, birlikte&#8221; y\u00fcr\u00fcmektedir.<\/p>\n","protected":false},"excerpt":{"rendered":"<p>GELECE\u011eE. G\u00dcVENLE. B\u0130RL\u0130KTE. 2002 y\u0131l\u0131nda hayata ge\u00e7en Endoskopi Medikal Ticaret, sa\u011fl\u0131k hizmetlerinde gelece\u011fin bir par\u00e7as\u0131n\u0131n da minimal invaziv ve endoskopik&#8230;<\/p>\n","protected":false},"author":1,"featured_media":48,"parent":0,"menu_order":0,"comment_status":"closed","ping_status":"closed","template":"","meta":{"footnotes":""},"class_list":["post-43","page","type-page","status-publish","has-post-thumbnail","hentry"],"_links":{"self":[{"href":"https:\/\/hasansayar.com\/endoskopi\/wp-json\/wp\/v2\/pages\/43","targetHints":{"allow":["GET"]}}],"collection":[{"href":"https:\/\/hasansayar.com\/endoskopi\/wp-json\/wp\/v2\/pages"}],"about":[{"href":"https:\/\/hasansayar.com\/endoskopi\/wp-json\/wp\/v2\/types\/page"}],"author":[{"embeddable":true,"href":"https:\/\/hasansayar.com\/endoskopi\/wp-json\/wp\/v2\/users\/1"}],"replies":[{"embeddable":true,"href":"https:\/\/hasansayar.com\/endoskopi\/wp-json\/wp\/v2\/comments?post=43"}],"version-history":[{"count":2,"href":"https:\/\/hasansayar.com\/endoskopi\/wp-json\/wp\/v2\/pages\/43\/revisions"}],"predecessor-version":[{"id":46,"href":"https:\/\/hasansayar.com\/endoskopi\/wp-json\/wp\/v2\/pages\/43\/revisions\/46"}],"wp:featuredmedia":[{"embeddable":true,"href":"https:\/\/hasansayar.com\/endoskopi\/wp-json\/wp\/v2\/media\/48"}],"wp:attachment":[{"href":"https:\/\/hasansayar.com\/endoskopi\/wp-json\/wp\/v2\/media?parent=43"}],"curies":[{"name":"wp","href":"https:\/\/api.w.org\/{rel}","templated":true}]}}