{"id":127,"date":"2026-02-28T00:04:47","date_gmt":"2026-02-27T21:04:47","guid":{"rendered":"http:\/\/localhost\/endoskopi\/?post_type=product&#038;p=127"},"modified":"2026-04-03T01:03:18","modified_gmt":"2026-04-02T22:03:18","slug":"hijyen-2","status":"publish","type":"product","link":"https:\/\/hasansayar.com\/endoskopi\/urunler\/hijyen-2\/","title":{"rendered":"Hijyen"},"content":{"rendered":"\n<p>Kliniklerde ve t\u0131bbi uygulamalarda kullan\u0131lan aletler, uzun y\u0131llar boyunca profesyonel yeniden i\u015fleme (sterilizasyon) yoluyla elde edilebilecek \u00f6nemli maddi de\u011fere sahiptir.<\/p>\n\n\n\n<p>Richard Wolf olarak, sadece m\u00fckemmel \u00e7al\u0131\u015fan de\u011fil, ayn\u0131 zamanda klini\u011finiz i\u00e7in \u00f6nemli faydalar sa\u011flayan \u00e7\u00f6z\u00fcmler sunmaya inan\u0131yoruz. Y\u00fcksek de\u011ferli aletlerin istikrarl\u0131 ve g\u00fcvenilir \u015fekilde saklanmas\u0131, verimli kullan\u0131m ve maksimum kontrol sa\u011flad\u0131klar\u0131m\u0131z\u0131n temel \u00f6zellikleridir. Bu t\u00fcr avantajlar zaman\u0131 azalt\u0131r ve maliyetleri d\u00fc\u015f\u00fcr\u00fcr.<\/p>\n\n\n\n<p>M\u00fckemmel yeniden i\u015fleme, Richard Wolf firmas\u0131nda zaten enstr\u00fcmanlar\u0131n geli\u015ftirilmesinde ba\u015fl\u0131yor. \u00d6rne\u011fin, steril yeniden paketleme veya m\u00fch\u00fcr de\u011fi\u015fiklikleri olmadan \u00e7al\u0131\u015fan sistemler de sunuyoruz.<\/p>\n\n\n\n<p>Aletlerin temiz ve steril olarak muhafaza edilmesi, hijyen y\u00f6netiminin temel talebidir. \u00d6rne\u011fin, bak\u0131m gerektirmeyen ve h\u0131zl\u0131 bir \u015fekilde demonte edilen bile\u015fenler, kusursuz temizlik ve sterilizasyon sa\u011flama s\u00f6z konusu oldu\u011funda inan\u0131lmaz derecede faydal\u0131d\u0131r. Geriye kalan insan fakt\u00f6r\u00fcd\u00fcr. Bu nedenle ilgili personelin uygun \u015fekilde e\u011fitilmesi mutlak bir gerekliliktir. Richard Wolf, aletlerin nas\u0131l do\u011fru \u015fekilde kullan\u0131laca\u011f\u0131n\u0131 ve bak\u0131m\u0131n\u0131n nas\u0131l yap\u0131laca\u011f\u0131n\u0131 g\u00f6steren ve b\u00f6ylece de\u011ferlerini koruyan pratik g\u00f6steriler sunar. G\u00fcn\u00fcm\u00fczde cihazlar\u0131n yeniden i\u015flenmesi, kliniklere, t\u0131bbi uygulamalara ve hastalara her zaman en iyi t\u0131bbi cihazlar\u0131n sa\u011fland\u0131\u011f\u0131ndan emin olmak i\u00e7in y\u00fcksek hijyen standartlar\u0131n\u0131n s\u00fcrd\u00fcr\u00fclmesi anlam\u0131na gelmektedir.<\/p>\n","protected":false},"excerpt":{"rendered":"<p>Kliniklerde ve t\u0131bbi uygulamalarda kullan\u0131lan aletler, uzun y\u0131llar boyunca profesyonel yeniden i\u015fleme (sterilizasyon) yoluyla elde edilebilecek \u00f6nemli maddi de\u011fere sahiptir&#8230;.<\/p>\n","protected":false},"featured_media":38,"menu_order":0,"template":"","product_category":[],"class_list":["post-127","product","type-product","status-publish","has-post-thumbnail","hentry"],"_links":{"self":[{"href":"https:\/\/hasansayar.com\/endoskopi\/wp-json\/wp\/v2\/product\/127","targetHints":{"allow":["GET"]}}],"collection":[{"href":"https:\/\/hasansayar.com\/endoskopi\/wp-json\/wp\/v2\/product"}],"about":[{"href":"https:\/\/hasansayar.com\/endoskopi\/wp-json\/wp\/v2\/types\/product"}],"wp:featuredmedia":[{"embeddable":true,"href":"https:\/\/hasansayar.com\/endoskopi\/wp-json\/wp\/v2\/media\/38"}],"wp:attachment":[{"href":"https:\/\/hasansayar.com\/endoskopi\/wp-json\/wp\/v2\/media?parent=127"}],"wp:term":[{"taxonomy":"product_category","embeddable":true,"href":"https:\/\/hasansayar.com\/endoskopi\/wp-json\/wp\/v2\/product_category?post=127"}],"curies":[{"name":"wp","href":"https:\/\/api.w.org\/{rel}","templated":true}]}}