{"id":135,"date":"2026-02-28T00:20:24","date_gmt":"2026-02-27T21:20:24","guid":{"rendered":"http:\/\/localhost\/endoskopi\/?post_type=product&#038;p=135"},"modified":"2026-04-03T01:02:14","modified_gmt":"2026-04-02T22:02:14","slug":"vertebris-lumbar","status":"publish","type":"product","link":"https:\/\/hasansayar.com\/endoskopi\/urunler\/vertebris-lumbar\/","title":{"rendered":"Vertebris Lumbar"},"content":{"rendered":"\n<div class=\"wp-block-columns is-layout-flex wp-container-core-columns-is-layout-9d6595d7 wp-block-columns-is-layout-flex\">\n<div class=\"wp-block-column is-layout-flow wp-block-column-is-layout-flow\">\n<figure class=\"wp-block-image size-full\"><img loading=\"lazy\" decoding=\"async\" width=\"400\" height=\"514\" src=\"https:\/\/hasansayar.com\/endoskopi\/wp-content\/uploads\/2026\/02\/4.jpg\" alt=\"\" class=\"wp-image-825\" srcset=\"https:\/\/hasansayar.com\/endoskopi\/wp-content\/uploads\/2026\/02\/4.jpg 400w, https:\/\/hasansayar.com\/endoskopi\/wp-content\/uploads\/2026\/02\/4-233x300.jpg 233w\" sizes=\"auto, (max-width: 400px) 100vw, 400px\" \/><\/figure>\n<\/div>\n\n\n\n<div class=\"wp-block-column is-vertically-aligned-stretch is-layout-flow wp-block-column-is-layout-flow\">\n<p>VERTEBRIS lomber alet seti, lumbar ve torasik omurgan\u0131n tam endoskopik dekompresyonu i\u00e7in tasarlanm\u0131\u015ft\u0131r. Tipik endikasyonlar aras\u0131nda f\u0131t\u0131kla\u015fm\u0131\u015f diskler, omurilik kistleri ve spinal kanal stenozu yer al\u0131r. A\u015fa\u011f\u0131daki yakla\u015f\u0131mlar tam endoskopik olarak yap\u0131labilir:<\/p>\n\n\n\n<ul class=\"wp-block-list\">\n<li>Transforaminal<\/li>\n\n\n\n<li>Ekstraforaminal<\/li>\n\n\n\n<li>Interlaminar<br><br><\/li>\n<\/ul>\n\n\n\n<p>VERTEBRIS diskoskoplar\u0131n\u0131n m\u00fckemmel optik \u00f6zellikleri intraoperatif g\u00f6rselle\u015ftirmenin temelini olu\u015fturur ve \u00f6zel aletleri intraoperatif alana y\u00f6nlendirir. Aletlerin genel kullan\u0131m yap\u0131s\u0131, yeni bile\u015fenler eklenerek endikasyonlar\u0131n kademeli olarak geni\u015fletilmesini de m\u00fcmk\u00fcn k\u0131lar.<\/p>\n<\/div>\n<\/div>\n\n\n\n<p><strong>Trans-\/ekstraforaminal teknik<\/strong><\/p>\n\n\n\n<div class=\"wp-block-columns is-layout-flex wp-container-core-columns-is-layout-9d6595d7 wp-block-columns-is-layout-flex\">\n<div class=\"wp-block-column is-layout-flow wp-block-column-is-layout-flow\">\n<figure class=\"wp-block-image size-full\"><img loading=\"lazy\" decoding=\"async\" width=\"400\" height=\"290\" src=\"https:\/\/hasansayar.com\/endoskopi\/wp-content\/uploads\/2026\/02\/1-1.png\" alt=\"\" class=\"wp-image-826\" srcset=\"https:\/\/hasansayar.com\/endoskopi\/wp-content\/uploads\/2026\/02\/1-1.png 400w, https:\/\/hasansayar.com\/endoskopi\/wp-content\/uploads\/2026\/02\/1-1-300x218.png 300w\" sizes=\"auto, (max-width: 400px) 100vw, 400px\" \/><\/figure>\n<\/div>\n\n\n\n<div class=\"wp-block-column is-layout-flow wp-block-column-is-layout-flow\">\n<p>Trans- veya ekstraforaminal teknik, patolojiye eri\u015fim olarak intervertebral foramenleri kullan\u0131r. \u0130ntervertebral foramen (transforaminal) veya pedik\u00fcl (ekstraforaminal) yoluyla intervertebral diske eri\u015fim, i\u011fne kan\u00fcl\u00fc ile X-ray kontrol\u00fc alt\u0131nda ger\u00e7ekle\u015ftirilir. Dilat\u00f6r ve \u00c7al\u0131\u015fma K\u0131l\u0131f\u0131n\u0131n yerle\u015ftirilmesinden sonra cerrahi i\u015flem, s\u00fcrekli irigasyon ile birlikte y\u00fcksek  \u00e7\u00f6z\u00fcn\u00fcrl\u00fckl\u00fc g\u00f6r\u00fcnt\u00fclemeye sahip diskoskoplar ile ger\u00e7ekle\u015ftirilir. \u00d6zel tasar\u0131ma sahip forseps, punch,  elektrot ve freze gibi hassas aletler, cerrah\u0131n ameliyat\u0131 etkin ve do\u011fru bir \u015fekilde ger\u00e7ekle\u015ftirmesini sa\u011flar.<\/p>\n<\/div>\n<\/div>\n\n\n\n<p><strong>VERTEBRIS Transforaminal<\/strong><\/p>\n\n\n\n<figure class=\"wp-block-image size-full\"><img loading=\"lazy\" decoding=\"async\" width=\"799\" height=\"305\" src=\"https:\/\/hasansayar.com\/endoskopi\/wp-content\/uploads\/2026\/02\/2-1.jpg\" alt=\"\" class=\"wp-image-827\" srcset=\"https:\/\/hasansayar.com\/endoskopi\/wp-content\/uploads\/2026\/02\/2-1.jpg 799w, https:\/\/hasansayar.com\/endoskopi\/wp-content\/uploads\/2026\/02\/2-1-300x115.jpg 300w, https:\/\/hasansayar.com\/endoskopi\/wp-content\/uploads\/2026\/02\/2-1-768x293.jpg 768w\" sizes=\"auto, (max-width: 799px) 100vw, 799px\" \/><\/figure>\n\n\n\n<p>Posterolateral ve lateral transforaminal yakla\u015f\u0131m i\u00e7in \u00e7al\u0131\u015fma uzunlu\u011funa sahip y\u00fcksek \u00e7\u00f6z\u00fcn\u00fcrl\u00fckl\u00fc<br>diskoskoplar.<\/p>\n\n\n\n<ul class=\"wp-block-list\">\n<li>Minimal invazif eri\u015fim ve etkili operasyon i\u00e7in geni\u015f \u00e7al\u0131\u015fma k\u0131l\u0131f\u0131n\u0131n d\u0131\u015f \u00e7apa oran\u0131 optimize edilmi\u015ftir.<\/li>\n\n\n\n<li>Giri\u015f ve \u00e7\u0131k\u0131\u015f\u0131n etkili konumland\u0131r\u0131lmas\u0131yla optimize edilmi\u015f irigasyon y\u00f6netimi \u2013 Y\u00fcksek bas\u0131n\u00e7l\u0131 irrigasyon s\u0131v\u0131s\u0131 n\u00f6ral bas\u0131y\u0131 \u00f6nler.<\/li>\n\n\n\n<li>Sinir yap\u0131lar\u0131n\u0131 korumak i\u00e7in atravmatik distal tasar\u0131ma sahip \u00c7al\u0131\u015fma k\u0131l\u0131f\u0131.<\/li>\n\n\n\n<li>A\u015f\u0131r\u0131 y\u00fck korumal\u0131, etkili yumu\u015fak doku ve kemik rezeksiyonu i\u00e7in stabil kavramal\u0131 forsepsler ve punchlar.<\/li>\n\n\n\n<li>Mekanik kemik ve yumu\u015fak doku rezeksiyonu i\u00e7in yeniden kullan\u0131labilir ve tek kullan\u0131ml\u0131k aletler i\u00e7eren endoskopik y\u00fcksek h\u0131zl\u0131 burr sistemi.<\/li>\n\n\n\n<li>4 MHz radyofrekans koag\u00fclasyonu ve ablasyon i\u00e7in TipControl cihazlar\u0131.<\/li>\n<\/ul>\n\n\n\n<p><strong>Interlaminar Teknik<\/strong><\/p>\n\n\n\n<div class=\"wp-block-columns is-layout-flex wp-container-core-columns-is-layout-9d6595d7 wp-block-columns-is-layout-flex\">\n<div class=\"wp-block-column is-layout-flow wp-block-column-is-layout-flow\">\n<figure class=\"wp-block-image size-full\"><img loading=\"lazy\" decoding=\"async\" width=\"400\" height=\"383\" src=\"https:\/\/hasansayar.com\/endoskopi\/wp-content\/uploads\/2026\/02\/3.png\" alt=\"\" class=\"wp-image-828\" srcset=\"https:\/\/hasansayar.com\/endoskopi\/wp-content\/uploads\/2026\/02\/3.png 400w, https:\/\/hasansayar.com\/endoskopi\/wp-content\/uploads\/2026\/02\/3-300x287.png 300w\" sizes=\"auto, (max-width: 400px) 100vw, 400px\" \/><\/figure>\n<\/div>\n\n\n\n<div class=\"wp-block-column is-layout-flow wp-block-column-is-layout-flow\">\n<p>\u0130nterlaminar cerrahide spinal kanal\u0131na eri\u015fim posterior interlaminar pencere yoluyla yap\u0131l\u0131r. Dilat\u00f6r, X-ray kont\u00f6rl\u00fc alt\u0131nda direkt olarak flavum ligamentine do\u011fru konumland\u0131r\u0131l\u0131r. \u00c7al\u0131\u015fma k\u0131l\u0131f\u0131 dilat\u00f6r\u00fcn \u00fczerine yerle\u015ftirildikten sonra y\u00fcksek \u00e7\u00f6z\u00fcn\u00fcrl\u00fckl\u00fc diskoskop arac\u0131l\u0131\u011f\u0131yla s\u00fcrekli irrigasyon alt\u0131nda operasyon ger\u00e7ekle\u015ftirilir. Eri\u015fim sistemi bile\u015fenlerinin ve aletlerin i\u015flevselli\u011fi hassas bir \u015fekilde koordine edilmi\u015ftir ve minimum travmatizasyonla ligamentum flavum ve sinir k\u00f6k\u00fcnden ge\u00e7i\u015fe izin verir. \u00d6zel manuel aletler ve mevcut \u00e7e\u015fitli y\u00fcksek h\u0131zl\u0131 frezeler sayesinde, f\u0131t\u0131kla\u015fm\u0131\u015f diskler etkili bir \u015fekilde \u00e7\u0131kar\u0131labilir ve omurga stenozlar\u0131n\u0131n kemik k\u0131s\u0131mlar\u0131 tam endoskopik bir g\u00f6r\u00fcn\u00fcm alt\u0131nda rezeke edilebilir.<\/p>\n<\/div>\n<\/div>\n\n\n\n<p><strong>VERTEBRIS Interlaminar<\/strong><\/p>\n\n\n\n<ul class=\"wp-block-list\">\n<li>Interlaminar yakla\u015f\u0131m i\u00e7in daha k\u0131sa \u00e7al\u0131\u015fma uzunlu\u011funa sahip y\u00fcksek \u00e7\u00f6z\u00fcn\u00fcrl\u00fckl\u00fc diskoskoplar.<\/li>\n\n\n\n<li>Daha ergonomik \u00e7al\u0131\u015fma i\u00e7in endoskop ile \u00e7al\u0131\u015fma k\u0131l\u0131f\u0131 aras\u0131ndaki mesafeyi kontrol eden endoskop adapt\u00f6r\u00fc.<\/li>\n\n\n\n<li>Minimal invazif eri\u015fim ve etkili operasyon i\u00e7in geni\u015f \u00e7al\u0131\u015fma k\u0131l\u0131f\u0131n\u0131n d\u0131\u015f \u00e7apa oran\u0131 optimize edilmi\u015ftir.<\/li>\n\n\n\n<li>Giri\u015f ve \u00e7\u0131k\u0131\u015f\u0131 optimize ederek optimize edilmi\u015f s\u0131v\u0131 y\u00f6netimi \u2013 \u0130rrigasyon s\u0131v\u0131s\u0131n\u0131n y\u00fcksek bas\u0131n\u00e7lar\u0131 nedeniyle sinir yap\u0131lar\u0131n\u0131n s\u0131k\u0131\u015fmas\u0131n\u0131n \u00f6nlenmesi.<\/li>\n\n\n\n<li>Sinir yap\u0131lar\u0131n\u0131 korumak i\u00e7in atravmatik distal tasar\u0131ma sahip \u00e7al\u0131\u015fma k\u0131l\u0131f\u0131.<\/li>\n\n\n\n<li>A\u015f\u0131r\u0131 y\u00fck korumal\u0131, interlaminar yakla\u015f\u0131m i\u00e7in daha k\u0131sa \u00e7al\u0131\u015fma uzunlu\u011funa sahip stabil kavrama forsepsleri ve punchlar\u0131.<\/li>\n\n\n\n<li>Lateral reses stenozlar\u0131nda mekanik kemik ve yumu\u015fak doku rezeksiyonu i\u00e7in tekrar kullan\u0131labilir ve tek kullan\u0131ml\u0131k aletler i\u00e7eren endoskopik y\u00fcksek h\u0131zl\u0131 burr sistemi.<\/li>\n\n\n\n<li>4 MHz radyofrekans koag\u00fclasyonu ve ablasyon i\u00e7in TipControl cihazlar\u0131.<\/li>\n<\/ul>\n","protected":false},"excerpt":{"rendered":"<p>VERTEBRIS lomber alet seti, lumbar ve torasik omurgan\u0131n tam endoskopik dekompresyonu i\u00e7in tasarlanm\u0131\u015ft\u0131r. Tipik endikasyonlar aras\u0131nda f\u0131t\u0131kla\u015fm\u0131\u015f diskler, omurilik kistleri&#8230;<\/p>\n","protected":false},"featured_media":136,"menu_order":0,"template":"","product_category":[],"class_list":["post-135","product","type-product","status-publish","has-post-thumbnail","hentry"],"_links":{"self":[{"href":"https:\/\/hasansayar.com\/endoskopi\/wp-json\/wp\/v2\/product\/135","targetHints":{"allow":["GET"]}}],"collection":[{"href":"https:\/\/hasansayar.com\/endoskopi\/wp-json\/wp\/v2\/product"}],"about":[{"href":"https:\/\/hasansayar.com\/endoskopi\/wp-json\/wp\/v2\/types\/product"}],"wp:featuredmedia":[{"embeddable":true,"href":"https:\/\/hasansayar.com\/endoskopi\/wp-json\/wp\/v2\/media\/136"}],"wp:attachment":[{"href":"https:\/\/hasansayar.com\/endoskopi\/wp-json\/wp\/v2\/media?parent=135"}],"wp:term":[{"taxonomy":"product_category","embeddable":true,"href":"https:\/\/hasansayar.com\/endoskopi\/wp-json\/wp\/v2\/product_category?post=135"}],"curies":[{"name":"wp","href":"https:\/\/api.w.org\/{rel}","templated":true}]}}