{"id":170,"date":"2026-02-28T00:55:50","date_gmt":"2026-02-27T21:55:50","guid":{"rendered":"http:\/\/localhost\/endoskopi\/?post_type=product&#038;p=170"},"modified":"2026-04-03T00:59:00","modified_gmt":"2026-04-02T21:59:00","slug":"diagnostik-ve-operatif-histeroskopi","status":"publish","type":"product","link":"https:\/\/hasansayar.com\/endoskopi\/urunler\/diagnostik-ve-operatif-histeroskopi\/","title":{"rendered":"Diagnostik ve Operatif Histeroskopi"},"content":{"rendered":"\n<p>Jinekolojide en \u00f6nemli prosed\u00fcrlerden biri tan\u0131sal histeroskopidir. Bu, uterus bozukluklar\u0131ndan \u015f\u00fcphelenilen ve ayr\u0131ca do\u011furganl\u0131k ve k\u0131s\u0131rl\u0131k hastalar\u0131 i\u00e7in \u00e7ok \u00f6nemli bir prosed\u00fcrd\u00fcr. Tan\u0131sal histeroskopi uterusun kavite i\u00e7i muayenesi i\u00e7in kullan\u0131l\u0131r. Bulgular\u0131 kaydedebilir ve rahim i\u00e7i patolojileri de\u011ferlendirebilir.<\/p>\n\n\n\n<p>\u2022&nbsp; menopoz sonras\u0131 ani kanama,<br>\u2022&nbsp; menoraji veya metrorrhagia,<br>\u2022&nbsp; \u015f\u00fcpheli endometrit, polipler, submukoz miyomlar, endometriyum veya rahim a\u011fz\u0131 kanseri.<\/p>\n\n\n\n<p>Tan\u0131sal histeroskopi, k\u0131s\u0131rl\u0131k, erken veya ge\u00e7 do\u011fumlar veya tekrarlayan d\u00fc\u015f\u00fckler dahil olmak \u00fczere do\u011furganl\u0131k ve k\u0131s\u0131rl\u0131k hastalar\u0131n\u0131 incelemek ve uterusun olas\u0131 anormalliklerini ara\u015ft\u0131rmak i\u00e7in de uygundur.<br><br><strong>Ba\u011flant\u0131l\u0131 \u00dcr\u00fcnler<\/strong><br>\u00bb Basic Sets \/\/ TEMEL SETLER<br>\u00bb Telescopes \/\/ TELESKOPLAR<br>\u00bb For 2.7 mm Telescope: Hysteroscope Sheaths \/ Inserts \/\/ 2.7 MM OPT\u0130K \u0130\u00c7\u0130N: H\u0130STEROSKOP KILIFLARI \/ \u015eAFTLAR<br>\u00bb For 4 mm Telescope: Hysteroscope Sheaths \/\/ 4 MM OPT\u0130K \u0130\u00c7\u0130N: H\u0130STEROSKOP KILIFLARI<br>\u00bb Compact Hysteroscope \u00d8 3.8 mm, 30\u00b0 \/\/ KOMPAKT H\u0130STEROSKOP \u00d8 3.8 mm, 30\u00b0<br>\u00bb Compact Hysteroscope \u00d8 5 mm, 20\u00b0 \/\/ KOMPAKT H\u0130STEROSKOP \u00d8 5 mm, 20\u00b0<br>\u00bb Rigid Forceps 7 Fr. \/\/ R\u0130J\u0130T FORSEPSLER 7 FR.<br>\u00bb Forceps \/ Scissors micro modular system HySafe \/\/ FORSEPSLER \/ MAKASLAR<br>\u00bb Flexible Forceps 3 Fr. \/\/ ESNEK FORSEPSLER 3 FR.<br>\u00bb Electrodes, bipolar, monopolar \/\/ MONOPOLAR VE B\u0130POLAR ELEKTROTLAR<br>\u00bb Instruments for Cervix and Uterus \/\/ SERV\u0130KS VE UTERUS \u0130\u00c7\u0130N ALETLER<br>\u00bb Hystero Resection \/\/ H\u0130STEROREZEKS\u0130YON<br>\u00bb Flexible Hysteroscope \/\/ FLEKSIBL H\u0130STEROSKOP<br>\u00bb Units \/\/ \u00dcN\u0130TELER<br>\u00bb HF Connecting Cables \/\/ HF BA\u011eLANTI KABLOLARI<\/p>\n","protected":false},"excerpt":{"rendered":"<p>Jinekolojide en \u00f6nemli prosed\u00fcrlerden biri tan\u0131sal histeroskopidir. Bu, uterus bozukluklar\u0131ndan \u015f\u00fcphelenilen ve ayr\u0131ca do\u011furganl\u0131k ve k\u0131s\u0131rl\u0131k hastalar\u0131 i\u00e7in \u00e7ok \u00f6nemli&#8230;<\/p>\n","protected":false},"featured_media":171,"menu_order":0,"template":"","product_category":[],"class_list":["post-170","product","type-product","status-publish","has-post-thumbnail","hentry"],"_links":{"self":[{"href":"https:\/\/hasansayar.com\/endoskopi\/wp-json\/wp\/v2\/product\/170","targetHints":{"allow":["GET"]}}],"collection":[{"href":"https:\/\/hasansayar.com\/endoskopi\/wp-json\/wp\/v2\/product"}],"about":[{"href":"https:\/\/hasansayar.com\/endoskopi\/wp-json\/wp\/v2\/types\/product"}],"wp:featuredmedia":[{"embeddable":true,"href":"https:\/\/hasansayar.com\/endoskopi\/wp-json\/wp\/v2\/media\/171"}],"wp:attachment":[{"href":"https:\/\/hasansayar.com\/endoskopi\/wp-json\/wp\/v2\/media?parent=170"}],"wp:term":[{"taxonomy":"product_category","embeddable":true,"href":"https:\/\/hasansayar.com\/endoskopi\/wp-json\/wp\/v2\/product_category?post=170"}],"curies":[{"name":"wp","href":"https:\/\/api.w.org\/{rel}","templated":true}]}}