{"id":186,"date":"2026-02-28T01:18:08","date_gmt":"2026-02-27T22:18:08","guid":{"rendered":"http:\/\/localhost\/endoskopi\/?post_type=product&#038;p=186"},"modified":"2026-02-28T01:18:53","modified_gmt":"2026-02-27T22:18:53","slug":"endouroloji","status":"publish","type":"product","link":"https:\/\/hasansayar.com\/endoskopi\/urunler\/endouroloji\/","title":{"rendered":"Endo\u00fcroloji"},"content":{"rendered":"\n<p>Minimal invazif cerrahideki geli\u015fmeler, \u00fcrolojiyi di\u011fer disiplinlerden \u00e7ok daha fazla etkilemi\u015ftir. Bu, k\u0131sa bir s\u00fcre i\u00e7erisinde, \u0130yi Huylu Prostat Hiperplazisi (BPH), \u00dcrolitiyazis ve \u00dcrotelyal Karsinom`un tedavisi i\u00e7in bir\u00e7ok yeni cerrahi teknikle sonu\u00e7lanm\u0131\u015ft\u0131r.<\/p>\n\n\n\n<p>\u0130yi huylu prostat hiperplazisinin endoskopik tedavisi i\u00e7in \u00fcrolojide pek \u00e7ok i\u015flem mevcuttur. Prostat\u0131n uzun s\u00fcredir yerle\u015fik olan trans\u00fcretral rezeksiyonunun (TUR-P) yan\u0131 s\u0131ra, son y\u0131llarda prostat\u0131n bipolar en\u00fckleasyon, Tulyum veya Holmiyum lazer en\u00fckleasyonu (HOLEP &#8211; THULEP) veya GreenLight lazer en\u00fckleasyonu gibi birka\u00e7 minimal invaziv prosed\u00fcr\u00fcn kullan\u0131ma sunuldu\u011fu g\u00f6r\u00fclm\u00fc\u015ft\u00fcr.<br><br><br><br><br><br><\/p>\n\n\n\n<p><\/p>\n","protected":false},"excerpt":{"rendered":"<p>Minimal invazif cerrahideki geli\u015fmeler, \u00fcrolojiyi di\u011fer disiplinlerden \u00e7ok daha fazla etkilemi\u015ftir. Bu, k\u0131sa bir s\u00fcre i\u00e7erisinde, \u0130yi Huylu Prostat Hiperplazisi&#8230;<\/p>\n","protected":false},"featured_media":187,"menu_order":0,"template":"","product_category":[],"class_list":["post-186","product","type-product","status-publish","has-post-thumbnail","hentry"],"_links":{"self":[{"href":"https:\/\/hasansayar.com\/endoskopi\/wp-json\/wp\/v2\/product\/186","targetHints":{"allow":["GET"]}}],"collection":[{"href":"https:\/\/hasansayar.com\/endoskopi\/wp-json\/wp\/v2\/product"}],"about":[{"href":"https:\/\/hasansayar.com\/endoskopi\/wp-json\/wp\/v2\/types\/product"}],"wp:featuredmedia":[{"embeddable":true,"href":"https:\/\/hasansayar.com\/endoskopi\/wp-json\/wp\/v2\/media\/187"}],"wp:attachment":[{"href":"https:\/\/hasansayar.com\/endoskopi\/wp-json\/wp\/v2\/media?parent=186"}],"wp:term":[{"taxonomy":"product_category","embeddable":true,"href":"https:\/\/hasansayar.com\/endoskopi\/wp-json\/wp\/v2\/product_category?post=186"}],"curies":[{"name":"wp","href":"https:\/\/api.w.org\/{rel}","templated":true}]}}