{"id":212,"date":"2026-03-01T00:58:13","date_gmt":"2026-02-28T21:58:13","guid":{"rendered":"http:\/\/localhost\/endoskopi\/?post_type=product&#038;p=212"},"modified":"2026-03-01T00:58:14","modified_gmt":"2026-02-28T21:58:14","slug":"perineal-prostat-lazer-ablasyon","status":"publish","type":"product","link":"https:\/\/hasansayar.com\/endoskopi\/urunler\/perineal-prostat-lazer-ablasyon\/","title":{"rendered":"Perineal Prostat Lazer Ablasyon"},"content":{"rendered":"\n<p>Elesta EchoLaser SoracteLite, iyi huylu ve k\u00f6t\u00fc huylu \u00fcrolojik bozukluklar\u0131n &#8211; Benign Prostat Hiperplazisi (BPH), d\u00fc\u015f\u00fck riskli lokalize prostat kanseri (PCa) ve b\u00f6brek kanserinin tedavisi i\u00e7in kullan\u0131lan Fokal Laser Termal Ablasyon tedavi metodudur.<\/p>\n\n\n\n<p>Prostat Kanseri: D\u00fc\u015f\u00fck riskli lokalize prostat kanseri olan hastalar i\u00e7in alt\u0131n standart tedaviler cerrahi veya radyoterapidir, ancak tedavinin yan etkileri, hastalar\u0131n anestezi alamama problemi ve olas\u0131 hasta komorbiditeleri, hastalar\u0131n bu t\u00fcr yakla\u015f\u0131mlara izin vermesini engelleyebilir. Bu gibi durumlarda, Amerika ve Avrupa\u2019daki t\u0131p dernekleri taraf\u0131ndan yay\u0131nlanan prostat kanseri k\u0131lavuzunda belirtildi\u011fi gibi, FOKAL terapi bu hastalara \u00f6nerilecek tedavi i\u00e7in bir se\u00e7enek olabilir. Mevcut Fokal terapiler tedavileri aras\u0131nda SoracteLite TransPerineal Lazer Ablasyon (TPLA), radikal tedavilerin istenmeyen yan etkilerine neden olmadan lezyonu yok edebilen yeni bir Fokal Lazer Ablasyon (FLA) tedavi y\u00f6ntemidir.<\/p>\n\n\n\n<p>B\u00f6brek Kanseri: Amerikan ve Avrupa \u00fcroloji dernekleri taraf\u0131ndan yay\u0131nlanan k\u0131lavuzda bildirildi\u011fi \u00fczere, termal ablatif tedaviler, umut verici klinik sonu\u00e7larla k\u00fc\u00e7\u00fck ve lokalize b\u00f6brek t\u00fcm\u00f6rlerinin (&lt;4cm) tedavisi i\u00e7in cerrahiye olas\u0131 bir alternatif olarak zaten ara\u015ft\u0131r\u0131lm\u0131\u015ft\u0131r. Bu t\u00fcr bir yakla\u015f\u0131m, \u00f6zellikle cerrahi riski y\u00fcksek veya b\u00f6brek fonksiyon bozuklu\u011fu olan hastalar i\u00e7in uygundur. Minimal invazif tedaviler alan\u0131nda SoracteLite aplikat\u00f6rleri \u015fu anda piyasada bulunan radyofrekans ablasyon (RFA), mikrodalga ablasyon (MWA) ve kriyoablasyon (CRA) cihazlar\u0131 i\u00e7in kullan\u0131lanlardan \u00f6nemli \u00f6l\u00e7\u00fcde daha incedir ve daha da az invazif (mikro invazif \u2013 micro invasive) bir yakla\u015f\u0131m sa\u011flar. Ki bu nedenle minimal-invazif de\u011fil mikro-invazif olarak adland\u0131r\u0131lm\u0131\u015ft\u0131r. Komorbidite varl\u0131\u011f\u0131 (\u00f6rne\u011fin y\u00fcksek kanama riski) veya teknik eri\u015fim zorlu\u011fu nedeniyle y\u00fcksek komplikasyon riski olan hastalar i\u00e7in uygundur.<\/p>\n\n\n\n<p>Verimlili\u011fi: Lazer Kaynakl\u0131 SitoRed\u00fcksiyon (LICR) i\u015flemi sayesinde, BPH\u2019li hastalarda lokalize semptomlardan kurtulman\u0131n ard\u0131ndan geni\u015flemi\u015f prostat dokusu hacminin k\u00fc\u00e7\u00fclmesi, yeterli g\u00fcvenlik marj\u0131 ile k\u00f6t\u00fc huylu t\u00fcm\u00f6rlerin (Prostat veya B\u00f6brek Kanseri) tam ablasyonu sa\u011flan\u0131r.<\/p>\n\n\n\n<p>\u00dcrolojide lazer kelimesi i\u015fitildi\u011finde, hemen ye\u015fil lazer gibi cerrahi lazerleri akla gelebilir. Bu lazerler prostat\u0131n endoskopik, trans\u00fcretral cerrahisi i\u00e7in \u00f6nemli bir ad\u0131md\u0131r. Ancak SoracteLite, cerrahi lazer kullanmaz. Nitekim, dalga boyu ve g\u00fcc\u00fc (EchoLaser 1064 nm dalga boyu ve son derece d\u00fc\u015f\u00fck g\u00fc\u00e7ler, 3-5 W kullan\u0131r) ve etki \u015fekli bak\u0131m\u0131ndan onlardan farkl\u0131d\u0131r. Son olarak ve en \u00f6nemlisi, SoracteLite son derece ince i\u011fnelerle (21G) ger\u00e7ekten mikroinvazif bir yakla\u015f\u0131m (transperineal vs trans\u00fcretral) sa\u011flar.<\/p>\n\n\n\n<p><strong><a href=\"https:\/\/www.elesta-echolaser.com\/echolaser\/?lang=en\" target=\"_blank\" rel=\"noreferrer noopener\">Echolaser<\/a><br><a href=\"https:\/\/www.elesta-echolaser.com\/termoterapia\/?lang=en\" target=\"_blank\" rel=\"noreferrer noopener\">Echolaser Termal Ablasyon<\/a><br><a href=\"https:\/\/soractelite.info\/?lang=en\" target=\"_blank\" rel=\"noreferrer noopener\">SoracteLite<\/a><\/strong><\/p>\n\n\n\n<figure class=\"wp-block-embed is-type-video is-provider-youtube wp-block-embed-youtube wp-embed-aspect-16-9 wp-has-aspect-ratio\"><div class=\"wp-block-embed__wrapper\">\n<iframe loading=\"lazy\" title=\"PROSTAT T\u00dcM\u00d6R\u00dc TEDAV\u0130S\u0130 I PROSTAT I TERMAL ABLASYON I BPH I G\u0130R\u0130\u015e\u0130MSEL RADYOLOJ\u0130 I LAZER ABLASYON I\" width=\"500\" height=\"281\" src=\"https:\/\/www.youtube.com\/embed\/Z3F4gUYZ7Ro?feature=oembed\" frameborder=\"0\" allow=\"accelerometer; autoplay; clipboard-write; encrypted-media; gyroscope; picture-in-picture; web-share\" referrerpolicy=\"strict-origin-when-cross-origin\" allowfullscreen><\/iframe>\n<\/div><\/figure>\n","protected":false},"excerpt":{"rendered":"<p>Elesta EchoLaser SoracteLite, iyi huylu ve k\u00f6t\u00fc huylu \u00fcrolojik bozukluklar\u0131n &#8211; Benign Prostat Hiperplazisi (BPH), d\u00fc\u015f\u00fck riskli lokalize prostat kanseri&#8230;<\/p>\n","protected":false},"featured_media":213,"menu_order":0,"template":"","product_category":[],"class_list":["post-212","product","type-product","status-publish","has-post-thumbnail","hentry"],"_links":{"self":[{"href":"https:\/\/hasansayar.com\/endoskopi\/wp-json\/wp\/v2\/product\/212","targetHints":{"allow":["GET"]}}],"collection":[{"href":"https:\/\/hasansayar.com\/endoskopi\/wp-json\/wp\/v2\/product"}],"about":[{"href":"https:\/\/hasansayar.com\/endoskopi\/wp-json\/wp\/v2\/types\/product"}],"wp:featuredmedia":[{"embeddable":true,"href":"https:\/\/hasansayar.com\/endoskopi\/wp-json\/wp\/v2\/media\/213"}],"wp:attachment":[{"href":"https:\/\/hasansayar.com\/endoskopi\/wp-json\/wp\/v2\/media?parent=212"}],"wp:term":[{"taxonomy":"product_category","embeddable":true,"href":"https:\/\/hasansayar.com\/endoskopi\/wp-json\/wp\/v2\/product_category?post=212"}],"curies":[{"name":"wp","href":"https:\/\/api.w.org\/{rel}","templated":true}]}}