{"id":238,"date":"2026-03-01T16:57:59","date_gmt":"2026-03-01T13:57:59","guid":{"rendered":"http:\/\/localhost\/endoskopi\/?post_type=product&#038;p=238"},"modified":"2026-03-01T16:58:37","modified_gmt":"2026-03-01T13:58:37","slug":"rezektoskopi","status":"publish","type":"product","link":"https:\/\/hasansayar.com\/endoskopi\/urunler\/rezektoskopi\/","title":{"rendered":"Rezektoskopi"},"content":{"rendered":"\n<p>Fonksiyonel, hassas ve verimli:&nbsp;<strong>\u201cSHARK\u201d rezektoskop<\/strong>&nbsp;bu \u00f6zellikleriyle \u00f6ne \u00e7\u0131kar. Ergonomik olarak tasarlanm\u0131\u015f ve m\u00fckemmel \u015fekilde uyumlu b\u00fct\u00fcnc\u00fcl sistem yap\u0131s\u0131; sezgisel kullan\u0131m, kontrol ve g\u00fcvenlik a\u00e7\u0131s\u0131ndan kullan\u0131c\u0131y\u0131 etkiler. Bu \u00fcst\u00fcn kriterler, 2013 y\u0131l\u0131nda&nbsp;<strong>iF \u00dcr\u00fcn Tasar\u0131m \u00d6d\u00fcl\u00fc<\/strong>&nbsp;ile ta\u00e7land\u0131r\u0131lm\u0131\u015ft\u0131r.<\/p>\n\n\n\n<p><strong>\u00c7al\u0131\u015fma prensibi olarak sezgisellik:<\/strong><br>Sistem bile\u015fenlerinin birle\u015ftirilmesi ve ayr\u0131lmas\u0131, snap-on (tek t\u0131k) ba\u011flant\u0131 mekanizmas\u0131 sayesinde tek tip ve kolay bir \u015fekilde ger\u00e7ekle\u015ftirilir. Bu teknoloji, kullan\u0131c\u0131ya par\u00e7alar\u0131 h\u0131zl\u0131, pratik ve g\u00fcvenli bi\u00e7imde bir araya getirme imk\u00e2n\u0131 sunar.<\/p>\n\n\n<div class=\"wp-block-image\">\n<figure class=\"alignleft size-full\"><img loading=\"lazy\" decoding=\"async\" width=\"400\" height=\"225\" src=\"https:\/\/hasansayar.com\/endoskopi\/wp-content\/uploads\/2026\/03\/10511323051049446.jpg\" alt=\"\" class=\"wp-image-239\" srcset=\"https:\/\/hasansayar.com\/endoskopi\/wp-content\/uploads\/2026\/03\/10511323051049446.jpg 400w, https:\/\/hasansayar.com\/endoskopi\/wp-content\/uploads\/2026\/03\/10511323051049446-300x169.jpg 300w\" sizes=\"auto, (max-width: 400px) 100vw, 400px\" \/><\/figure>\n<\/div>\n\n\n<p><strong>Trans\u00fcretral Prostat Rezeksiyonu (TUR-P)<\/strong><\/p>\n\n\n\n<p>\u0130yi huylu prostat hiperplazisini (BPH) tedavi etmek i\u00e7in alt\u0131n standart y\u00f6ntemdir. Prostat dokusunun d\u0131\u015f tabakas\u0131, prostat kaps\u00fcl\u00fc, seminal tepe ve \u00fcretral sfinkter etkilenmeden kal\u0131r. Trans\u00fcretral prostat rezeksiyonu, minimal invaziv cerrahinin en eski y\u00f6ntemlerinden biridir. Bu, prostattan hastal\u0131kl\u0131 dokunun \u00e7\u0131kar\u0131lmas\u0131 gerekiyorsa \u00fcretra \u00fczerinden d\u0131\u015far\u0131dan bir kesi yap\u0131lmadan ger\u00e7ekle\u015ftirilen endoskopik bir y\u00f6ntemdir. Bir d\u0131\u015f k\u0131l\u0131f ve bir i\u00e7 k\u0131l\u0131ftan olu\u015fan bir rezektoskop gereklidir. K\u0131l\u0131f\u0131n biri beslemek ve di\u011feri s\u0131v\u0131y\u0131 bo\u015faltmak i\u00e7in iki kanal\u0131 vard\u0131r. Rezektoskopun i\u00e7 k\u0131l\u0131f\u0131, rezeksiyon d\u00f6ng\u00fcs\u00fcn\u00fcn hareket etmesine izin veren bir ta\u015f\u0131y\u0131c\u0131 ve \u0131\u015f\u0131k kayna\u011f\u0131 ile video kameran\u0131n ba\u011fl\u0131 oldu\u011fu bir optik sistem i\u00e7erir. Dokunun a\u015famal\u0131 olarak al\u0131nmas\u0131n\u0131 sa\u011flayan ve kanamay\u0131 durduran bir elektrik ak\u0131m\u0131, rezeksiyon halkas\u0131 \u00fczerinden akar.<\/p>\n\n\n\n<figure class=\"wp-block-embed is-type-video is-provider-youtube wp-block-embed-youtube wp-embed-aspect-16-9 wp-has-aspect-ratio\"><div class=\"wp-block-embed__wrapper\">\n<iframe loading=\"lazy\" title=\"\u0130Y\u0130 HUYLU PROSTAT H\u0130PERPLAZ\u0130S\u0130 TEDAV\u0130S\u0130 I REZEKTOSKOP I TUR-P I B\u0130POLAR EN\u00dcKLEASYON I REZEKTOSKOP\u0130 I\" width=\"500\" height=\"281\" src=\"https:\/\/www.youtube.com\/embed\/PUYTGhpjrgs?feature=oembed\" frameborder=\"0\" allow=\"accelerometer; autoplay; clipboard-write; encrypted-media; gyroscope; picture-in-picture; web-share\" referrerpolicy=\"strict-origin-when-cross-origin\" allowfullscreen><\/iframe>\n<\/div><\/figure>\n","protected":false},"excerpt":{"rendered":"<p>Fonksiyonel, hassas ve verimli:&nbsp;\u201cSHARK\u201d rezektoskop&nbsp;bu \u00f6zellikleriyle \u00f6ne \u00e7\u0131kar. Ergonomik olarak tasarlanm\u0131\u015f ve m\u00fckemmel \u015fekilde uyumlu b\u00fct\u00fcnc\u00fcl sistem yap\u0131s\u0131; sezgisel kullan\u0131m,&#8230;<\/p>\n","protected":false},"featured_media":240,"menu_order":0,"template":"","product_category":[],"class_list":["post-238","product","type-product","status-publish","has-post-thumbnail","hentry"],"_links":{"self":[{"href":"https:\/\/hasansayar.com\/endoskopi\/wp-json\/wp\/v2\/product\/238","targetHints":{"allow":["GET"]}}],"collection":[{"href":"https:\/\/hasansayar.com\/endoskopi\/wp-json\/wp\/v2\/product"}],"about":[{"href":"https:\/\/hasansayar.com\/endoskopi\/wp-json\/wp\/v2\/types\/product"}],"wp:featuredmedia":[{"embeddable":true,"href":"https:\/\/hasansayar.com\/endoskopi\/wp-json\/wp\/v2\/media\/240"}],"wp:attachment":[{"href":"https:\/\/hasansayar.com\/endoskopi\/wp-json\/wp\/v2\/media?parent=238"}],"wp:term":[{"taxonomy":"product_category","embeddable":true,"href":"https:\/\/hasansayar.com\/endoskopi\/wp-json\/wp\/v2\/product_category?post=238"}],"curies":[{"name":"wp","href":"https:\/\/api.w.org\/{rel}","templated":true}]}}