{"id":650,"date":"2026-03-10T12:54:04","date_gmt":"2026-03-10T09:54:04","guid":{"rendered":"https:\/\/hasansayar.com\/endoskopi\/?post_type=product&#038;p=650"},"modified":"2026-04-03T13:59:39","modified_gmt":"2026-04-03T10:59:39","slug":"spinal-irrigasyon-sistemi","status":"publish","type":"product","link":"https:\/\/hasansayar.com\/endoskopi\/urunler\/spinal-irrigasyon-sistemi\/","title":{"rendered":"Spinal \u0130rrigasyon Sistemi"},"content":{"rendered":"\n<p><strong>Fluid Control Arthro<\/strong><\/p>\n\n\n\n<p>FLUID CONTROL ARTHRO artroskopik endoskopi ve endoskopik omurga cerrahisine y\u00f6nelik yeni bir pompa sistemidir. Bu sistemin \u00f6zel g\u00fcc\u00fc, y\u00fcksek performans\u0131n ve ekonomik genel konseptin birle\u015fiminde yatmaktad\u0131r. Yeni yaz\u0131l\u0131m ve teknik geli\u015fmeler, FLUID CONTROL ARTHRO\u2019yu te\u015fhis ve tedavi prosed\u00fcrleri i\u00e7in ideal hale getiriyor. Geli\u015ftirilmi\u015f kontrol \u00f6zelli\u011fi, bas\u0131nc\u0131 h\u0131zl\u0131 bir \u015fekilde e\u015fitler ve ayn\u0131 zamanda irigasyon ak\u0131\u015f\u0131ndaki ani kesintileri de alg\u0131lar (\u00f6rne\u011fin endoskop \u00fczerindeki vana kapat\u0131ld\u0131\u011f\u0131nda). Kritik a\u015f\u0131r\u0131 bas\u0131n\u00e7lar meydana geldi\u011finde g\u00f6rsel ve sesli uyar\u0131lar verilir.<\/p>\n\n\n\n<figure class=\"wp-block-image size-large\"><img loading=\"lazy\" decoding=\"async\" width=\"1920\" height=\"639\" src=\"https:\/\/hasansayar.com\/endoskopi\/wp-content\/uploads\/2026\/03\/1-1024x341.png\" alt=\"\" class=\"wp-image-651\" srcset=\"https:\/\/hasansayar.com\/endoskopi\/wp-content\/uploads\/2026\/03\/1-1024x341.png 1024w, https:\/\/hasansayar.com\/endoskopi\/wp-content\/uploads\/2026\/03\/1-300x100.png 300w, https:\/\/hasansayar.com\/endoskopi\/wp-content\/uploads\/2026\/03\/1-768x256.png 768w, https:\/\/hasansayar.com\/endoskopi\/wp-content\/uploads\/2026\/03\/1-1536x511.png 1536w, https:\/\/hasansayar.com\/endoskopi\/wp-content\/uploads\/2026\/03\/1.png 1920w\" sizes=\"auto, (max-width: 1920px) 100vw, 1920px\" \/><\/figure>\n\n\n\n<p><\/p>\n\n\n\n<p><strong>G\u00fcvenlik bizim i\u015fimiz<\/strong><br>Fluid Control Arthro irigasyon ve suction pompas\u0131n\u0131 tek bir \u00fcnitede birle\u015ftirir. \u0130rrigation i\u00e7in silindirli pompan\u0131n yan\u0131na bir vakum pompas\u0131 entegre edilmi\u015ftir. Bu, \u00f6nemli \u00f6l\u00e7\u00fcde maliyet tasarrufu sa\u011flar.<\/p>\n\n\n\n<p><strong><br>Pratik \u00c7\u00f6z\u00fcmler<\/strong><br>E\u011fimli \u00f6n panele sahip yeni donan\u0131m tasar\u0131m\u0131, geni\u015f dokunmatik ekrana kolayl\u0131kla eri\u015filebilmesini sa\u011flar. Kapsaml\u0131 kullan\u0131c\u0131 konforu<\/p>\n\n\n\n<p><strong>Kapsaml\u0131 kullan\u0131c\u0131 konforu<\/strong><br>E\u011fimli \u00f6n panele sahip yeni donan\u0131m tasar\u0131m\u0131, geni\u015f dokunmatik ekrana kolayl\u0131kla eri\u015filebilmesini sa\u011flar.<\/p>\n\n\n\n<p><\/p>\n","protected":false},"excerpt":{"rendered":"<p>Fluid Control Arthro FLUID CONTROL ARTHRO artroskopik endoskopi ve endoskopik omurga cerrahisine y\u00f6nelik yeni bir pompa sistemidir. Bu sistemin \u00f6zel&#8230;<\/p>\n","protected":false},"featured_media":652,"menu_order":0,"template":"","product_category":[],"class_list":["post-650","product","type-product","status-publish","has-post-thumbnail","hentry"],"_links":{"self":[{"href":"https:\/\/hasansayar.com\/endoskopi\/wp-json\/wp\/v2\/product\/650","targetHints":{"allow":["GET"]}}],"collection":[{"href":"https:\/\/hasansayar.com\/endoskopi\/wp-json\/wp\/v2\/product"}],"about":[{"href":"https:\/\/hasansayar.com\/endoskopi\/wp-json\/wp\/v2\/types\/product"}],"wp:featuredmedia":[{"embeddable":true,"href":"https:\/\/hasansayar.com\/endoskopi\/wp-json\/wp\/v2\/media\/652"}],"wp:attachment":[{"href":"https:\/\/hasansayar.com\/endoskopi\/wp-json\/wp\/v2\/media?parent=650"}],"wp:term":[{"taxonomy":"product_category","embeddable":true,"href":"https:\/\/hasansayar.com\/endoskopi\/wp-json\/wp\/v2\/product_category?post=650"}],"curies":[{"name":"wp","href":"https:\/\/api.w.org\/{rel}","templated":true}]}}